{"id":42,"date":"2013-08-13T18:35:39","date_gmt":"2013-08-13T09:35:39","guid":{"rendered":"https:\/\/www.venture-support.biz\/media\/wp\/wp\/?page_id=42"},"modified":"2018-06-19T12:26:56","modified_gmt":"2018-06-19T03:26:56","slug":"contact","status":"publish","type":"page","link":"https:\/\/vs-group.jp\/startup\/contact","title":{"rendered":"\u304a\u554f\u3044\u5408\u308f\u305b"},"content":{"rendered":"<p>\u3053\u306e\u305f\u3073\u306f\u5f53\u30b5\u30a4\u30c8\u3078\u304a\u8d8a\u3057\u3044\u305f\u3060\u304d\u3001\u8aa0\u306b\u3042\u308a\u304c\u3068\u3046\u3054\u3056\u3044\u307e\u3059\u3002<br \/>\n\u3054\u610f\u898b\u30fb\u3054\u76f8\u8ac7\u3001\u30b5\u30fc\u30d3\u30b9\u306b\u3064\u3044\u3066\u7b49\u304a\u6c17\u8efd\u306b\u304a\u554f\u3044\u5408\u308f\u305b\u4e0b\u3055\u3044\u3002<\/p>\n<p>\u304a\u554f\u3044\u5408\u308f\u305b\u306f\u4e0b\u8a18\u30d5\u30a9\u30fc\u30e0\u306b\u3066\u53d7\u3051\u4ed8\u3051\u3066\u304a\u308a\u307e\u3059\u3002<br \/>\n\u304a\u554f\u3044\u5408\u308f\u305b\u5185\u5bb9\u306e\u78ba\u8a8d\u5f8c\u3001\u5f0a\u793e\u62c5\u5f53\u8005\u3088\u308a\u3054\u9023\u7d61\u3055\u305b\u3066\u9802\u304d\u307e\u3059\u3002<\/p>\n<p>\u5404\u9805\u76ee\u3092\u3054\u5165\u529b\u9802\u304d\u3001\u5165\u529b\u5f8c\u9001\u4fe1\u30dc\u30bf\u30f3\u3092\u62bc\u3057\u3066\u304f\u3060\u3055\u3044\u3002<\/p>\n\n<div class=\"wpcf7 no-js\" id=\"wpcf7-f8060-o1\" lang=\"ja\" dir=\"ltr\" data-wpcf7-id=\"8060\">\n<div class=\"screen-reader-response\"><p role=\"status\" aria-live=\"polite\" aria-atomic=\"true\"><\/p> <ul><\/ul><\/div>\n<form action=\"\/startup\/wp-json\/wp\/v2\/pages\/42#wpcf7-f8060-o1\" method=\"post\" class=\"wpcf7-form init\" aria-label=\"\u30b3\u30f3\u30bf\u30af\u30c8\u30d5\u30a9\u30fc\u30e0\" novalidate=\"novalidate\" data-status=\"init\">\n<fieldset class=\"hidden-fields-container\"><input type=\"hidden\" name=\"_wpcf7\" value=\"8060\" \/><input type=\"hidden\" name=\"_wpcf7_version\" value=\"6.1.3\" \/><input type=\"hidden\" name=\"_wpcf7_locale\" value=\"ja\" \/><input type=\"hidden\" name=\"_wpcf7_unit_tag\" value=\"wpcf7-f8060-o1\" \/><input type=\"hidden\" name=\"_wpcf7_container_post\" value=\"0\" \/><input type=\"hidden\" name=\"_wpcf7_posted_data_hash\" value=\"\" \/><input type=\"hidden\" name=\"_wpcf7_recaptcha_response\" value=\"\" \/>\n<\/fieldset>\n<div class=\"form_body\">\n\t<div class=\"form_body_inner\">\n\t\t<div class=\"form_layout\">\n\t\t\t<div class=\"item_line\">\n\t\t\t\t<div class=\"item_name\">\n\t\t\t\t\t<p>\u3054\u76f8\u8ac7\u5185\u5bb9<span class=\"must\">\u5fc5\u9808<\/span><br \/>\n<span class=\"plural\">\u8907\u6570\u9078\u629e\u53ef<\/span>\n\t\t\t\t\t<\/p>\n\t\t\t\t<\/div>\n\t\t\t\t<div class=\"item_contents\">\n\t\t\t\t\t<div class=\"item_contents_inner wrap\">\n\t\t\t\t\t\t<p><span class=\"wpcf7-form-control-wrap\" data-name=\"title\"><span class=\"wpcf7-form-control wpcf7-checkbox wpcf7-validates-as-required wpcf7-exclusive-checkbox\"><span class=\"wpcf7-list-item first\"><label><input type=\"checkbox\" name=\"title\" value=\"\u4f1a\u793e\u8a2d\u7acb\u5168\u822c\u306b\u95a2\u3057\u3066\u76f8\u8ac7\u3057\u305f\u3044\" \/><span class=\"wpcf7-list-item-label\">\u4f1a\u793e\u8a2d\u7acb\u5168\u822c\u306b\u95a2\u3057\u3066\u76f8\u8ac7\u3057\u305f\u3044<\/span><\/label><\/span><span class=\"wpcf7-list-item\"><label><input type=\"checkbox\" name=\"title\" value=\"\u6599\u91d1\u3084\u30ad\u30e3\u30f3\u30da\u30fc\u30f3\u306b\u3064\u3044\u3066\u8a73\u3057\u304f\u77e5\u308a\u305f\u3044\" \/><span class=\"wpcf7-list-item-label\">\u6599\u91d1\u3084\u30ad\u30e3\u30f3\u30da\u30fc\u30f3\u306b\u3064\u3044\u3066\u8a73\u3057\u304f\u77e5\u308a\u305f\u3044<\/span><\/label><\/span><span class=\"wpcf7-list-item\"><label><input type=\"checkbox\" name=\"title\" value=\"\u7a0e\u7406\u58eb\u3092\u5909\u66f4\u3057\u305f\u3044\" \/><span class=\"wpcf7-list-item-label\">\u7a0e\u7406\u58eb\u3092\u5909\u66f4\u3057\u305f\u3044<\/span><\/label><\/span><span class=\"wpcf7-list-item last\"><label><input type=\"checkbox\" name=\"title\" value=\"\u305d\u306e\u4ed6(\u4e0b\u8a18\u306b\u3054\u76f8\u8ac7\u5185\u5bb9\u3092\u3054\u8a18\u5165\u304f\u3060\u3055\u3044)\" \/><span class=\"wpcf7-list-item-label\">\u305d\u306e\u4ed6(\u4e0b\u8a18\u306b\u3054\u76f8\u8ac7\u5185\u5bb9\u3092\u3054\u8a18\u5165\u304f\u3060\u3055\u3044)<\/span><\/label><\/span><\/span><\/span><br \/>\n<span class=\"gray\">\uff08\u305d\u306e\u4ed6\u3092\u9078\u3070\u308c\u305f\u65b9\u306f\u3001\u4e0b\u8a18\u306b\u3054\u76f8\u8ac7\u5185\u5bb9\u3092\u3054\u8a18\u5165\u304f\u3060\u3055\u3044\uff09<\/span><br \/>\n<span class=\"check_item_right\"><span class=\"wpcf7-form-control-wrap\" data-name=\"other_text\"><textarea cols=\"55\" rows=\"3\" maxlength=\"2000\" class=\"wpcf7-form-control wpcf7-textarea\" aria-invalid=\"false\" placeholder=\"\u304a\u554f\u3044\u5408\u308f\u305b\u5185\u5bb9\u3092\u3054\u8a18\u5165\u304f\u3060\u3055\u3044\" name=\"other_text\"><\/textarea><\/span><\/span>\n\t\t\t\t\t\t<\/p>\n\t\t\t\t\t<\/div>\n\t\t\t\t<\/div>\n\t\t\t<\/div>\n\t\t\t<div class=\"item_line\">\n\t\t\t\t<div class=\"item_name\">\n\t\t\t\t\t<p>\u6c0f\u540d<span class=\"must\">\u5fc5\u9808<\/span>\n\t\t\t\t\t<\/p>\n\t\t\t\t<\/div>\n\t\t\t\t<div class=\"item_contents\">\n\t\t\t\t\t<div class=\"item_contents_inner wrap\">\n\t\t\t\t\t\t<p><span class=\"wpcf7-form-control-wrap name\"><span class=\"wpcf7-form-control-wrap\" data-name=\"your-name\"><input size=\"40\" maxlength=\"400\" class=\"wpcf7-form-control wpcf7-text wpcf7-validates-as-required form_name\" aria-required=\"true\" aria-invalid=\"false\" placeholder=\"(\u4f8b) \u5c71\u7530\u3000\u592a\u90ce\" value=\"\" type=\"text\" name=\"your-name\" \/><\/span><\/span><span class=\"gray\"><\/span>\n\t\t\t\t\t\t<\/p>\n\t\t\t\t\t<\/div>\n\t\t\t\t<\/div>\n\t\t\t<\/div>\n\t\t\t<div class=\"item_line\">\n\t\t\t\t<div class=\"item_name\">\n\t\t\t\t\t<p>\u4f4f\u6240<span class=\"must\">\u5fc5\u9808<\/span>\n\t\t\t\t\t<\/p>\n\t\t\t\t<\/div>\n\t\t\t\t<div class=\"item_contents\">\n\t\t\t\t\t<div class=\"item_contents_inner\">\n\t\t\t\t\t\t<div class=\"sec_item_line\">\n\t\t\t\t\t\t\t<div class=\"sec_item_name\">\n\t\t\t\t\t\t\t\t<p>\u90f5\u4fbf\u756a\u53f7\n\t\t\t\t\t\t\t\t<\/p>\n\t\t\t\t\t\t\t<\/div>\n\t\t\t\t\t\t\t<div class=\"sec_item_contents wrap\">\n\t\t\t\t\t\t\t\t<p><input name=\"postalcode\" value=\"\" size=\"30\" class=\"wpcf7-form-control wpcf7-text wpcf7-validates-as-required\" onkeyup=\"AjaxZip3.zip2addr(this,'','address1','address2');\" aria-required=\"true\" aria-invalid=\"true\" type=\"text\" \/>\n\t\t\t\t\t\t\t\t<\/p>\n\t\t\t\t\t\t\t<\/div>\n\t\t\t\t\t\t<\/div>\n\t\t\t\t\t\t<div class=\"sec_item_line\">\n\t\t\t\t\t\t\t<div class=\"sec_item_name\">\n\t\t\t\t\t\t\t\t<p>\u90fd\u9053\u5e9c\u770c\n\t\t\t\t\t\t\t\t<\/p>\n\t\t\t\t\t\t\t<\/div>\n\t\t\t\t\t\t\t<div class=\"sec_item_contents wrap\">\n\t\t\t\t\t\t\t\t<p><span class=\"wpcf7-form-control-wrap prefecture\"><span class=\"wpcf7-form-control-wrap\" data-name=\"address1\"><select class=\"wpcf7-form-control wpcf7-select wpcf7-validates-as-required\" aria-required=\"true\" aria-invalid=\"false\" name=\"address1\"><option value=\"\">&#8212;\u4ee5\u4e0b\u304b\u3089\u9078\u629e\u3057\u3066\u304f\u3060\u3055\u3044&#8212;<\/option><option value=\"\u5317\u6d77\u9053\">\u5317\u6d77\u9053<\/option><option value=\"\u9752\u68ee\u770c\">\u9752\u68ee\u770c<\/option><option value=\"\u5ca9\u624b\u770c\">\u5ca9\u624b\u770c<\/option><option value=\"\u5bae\u57ce\u770c\">\u5bae\u57ce\u770c<\/option><option value=\"\u79cb\u7530\u770c\">\u79cb\u7530\u770c<\/option><option value=\"\u5c71\u5f62\u770c\">\u5c71\u5f62\u770c<\/option><option value=\"\u798f\u5cf6\u770c\">\u798f\u5cf6\u770c<\/option><option value=\"\u8328\u57ce\u770c\">\u8328\u57ce\u770c<\/option><option value=\"\u6803\u6728\u770c\">\u6803\u6728\u770c<\/option><option value=\"\u7fa4\u99ac\u770c\">\u7fa4\u99ac\u770c<\/option><option value=\"\u57fc\u7389\u770c\">\u57fc\u7389\u770c<\/option><option value=\"\u5343\u8449\u770c\">\u5343\u8449\u770c<\/option><option value=\"\u6771\u4eac\u90fd\">\u6771\u4eac\u90fd<\/option><option value=\"\u795e\u5948\u5ddd\u770c\">\u795e\u5948\u5ddd\u770c<\/option><option value=\"\u65b0\u6f5f\u770c\">\u65b0\u6f5f\u770c<\/option><option value=\"\u5bcc\u5c71\u770c\">\u5bcc\u5c71\u770c<\/option><option value=\"\u77f3\u5ddd\u770c\">\u77f3\u5ddd\u770c<\/option><option value=\"\u798f\u4e95\u770c\">\u798f\u4e95\u770c<\/option><option value=\"\u5c71\u68a8\u770c\">\u5c71\u68a8\u770c<\/option><option value=\"\u9577\u91ce\u770c\">\u9577\u91ce\u770c<\/option><option value=\"\u5c90\u961c\u770c\">\u5c90\u961c\u770c<\/option><option value=\"\u9759\u5ca1\u770c\">\u9759\u5ca1\u770c<\/option><option value=\"\u611b\u77e5\u770c\">\u611b\u77e5\u770c<\/option><option value=\"\u4e09\u91cd\u770c\">\u4e09\u91cd\u770c<\/option><option value=\"\u6ecb\u8cc0\u770c\">\u6ecb\u8cc0\u770c<\/option><option value=\"\u4eac\u90fd\u5e9c\">\u4eac\u90fd\u5e9c<\/option><option value=\"\u5927\u962a\u5e9c\">\u5927\u962a\u5e9c<\/option><option value=\"\u5175\u5eab\u770c\">\u5175\u5eab\u770c<\/option><option value=\"\u5948\u826f\u770c\">\u5948\u826f\u770c<\/option><option value=\"\u548c\u6b4c\u5c71\u770c\">\u548c\u6b4c\u5c71\u770c<\/option><option value=\"\u9ce5\u53d6\u770c\">\u9ce5\u53d6\u770c<\/option><option value=\"\u5cf6\u6839\u770c\">\u5cf6\u6839\u770c<\/option><option value=\"\u5ca1\u5c71\u770c\">\u5ca1\u5c71\u770c<\/option><option value=\"\u5e83\u5cf6\u770c\">\u5e83\u5cf6\u770c<\/option><option value=\"\u5c71\u53e3\u770c\">\u5c71\u53e3\u770c<\/option><option value=\"\u5fb3\u5cf6\u770c\">\u5fb3\u5cf6\u770c<\/option><option value=\"\u9999\u5ddd\u770c\">\u9999\u5ddd\u770c<\/option><option value=\"\u611b\u5a9b\u770c\">\u611b\u5a9b\u770c<\/option><option value=\"\u9ad8\u77e5\u770c\">\u9ad8\u77e5\u770c<\/option><option value=\"\u798f\u5ca1\u770c\">\u798f\u5ca1\u770c<\/option><option value=\"\u4f50\u8cc0\u770c\">\u4f50\u8cc0\u770c<\/option><option value=\"\u9577\u5d0e\u770c\">\u9577\u5d0e\u770c<\/option><option value=\"\u718a\u672c\u770c\">\u718a\u672c\u770c<\/option><option value=\"\u5927\u5206\u770c\">\u5927\u5206\u770c<\/option><option value=\"\u5bae\u5d0e\u770c\">\u5bae\u5d0e\u770c<\/option><option value=\"\u9e7f\u5150\u5cf6\u770c\">\u9e7f\u5150\u5cf6\u770c<\/option><option value=\"\u6c96\u7e04\u770c\">\u6c96\u7e04\u770c<\/option><\/select><\/span> <\/span>\n\t\t\t\t\t\t\t\t<\/p>\n\t\t\t\t\t\t\t<\/div>\n\t\t\t\t\t\t<\/div>\n\t\t\t\t\t\t<div class=\"sec_item_line\">\n\t\t\t\t\t\t\t<div class=\"sec_item_name\">\n\t\t\t\t\t\t\t\t<p>\u5e02\u533a\u753a\u6751\n\t\t\t\t\t\t\t\t<\/p>\n\t\t\t\t\t\t\t<\/div>\n\t\t\t\t\t\t\t<div class=\"sec_item_contents wrap\">\n\t\t\t\t\t\t\t\t<p><span class=\"wpcf7-form-control-wrap city\"><span class=\"wpcf7-form-control-wrap\" data-name=\"address2\"><input size=\"65\" maxlength=\"400\" class=\"wpcf7-form-control wpcf7-text wpcf7-validates-as-required\" aria-required=\"true\" aria-invalid=\"false\" value=\"\" type=\"text\" name=\"address2\" \/><\/span><\/span>\n\t\t\t\t\t\t\t\t<\/p>\n\t\t\t\t\t\t\t<\/div>\n\t\t\t\t\t\t<\/div>\n\t\t\t\t\t\t<div class=\"sec_item_line\">\n\t\t\t\t\t\t\t<div class=\"sec_item_name\">\n\t\t\t\t\t\t\t\t<p>\u756a\u5730\u30fb\u30d3\u30eb\n\t\t\t\t\t\t\t\t<\/p>\n\t\t\t\t\t\t\t<\/div>\n\t\t\t\t\t\t\t<div class=\"sec_item_contents wrap\">\n\t\t\t\t\t\t\t\t<p><span class=\"wpcf7-form-control-wrap address\"><span class=\"wpcf7-form-control-wrap\" data-name=\"address3\"><input size=\"65\" maxlength=\"400\" class=\"wpcf7-form-control wpcf7-text wpcf7-validates-as-required\" aria-required=\"true\" aria-invalid=\"false\" value=\"\" type=\"text\" name=\"address3\" \/><\/span><\/span>\n\t\t\t\t\t\t\t\t<\/p>\n\t\t\t\t\t\t\t<\/div>\n\t\t\t\t\t\t<\/div>\n\t\t\t\t\t<\/div>\n\t\t\t\t<\/div>\n\t\t\t<\/div>\n\t\t\t<div class=\"item_line\">\n\t\t\t\t<div class=\"item_name\">\n\t\t\t\t\t<p>\u96fb\u8a71\u756a\u53f7<span class=\"must\">\u5fc5\u9808<\/span>\n\t\t\t\t\t<\/p>\n\t\t\t\t<\/div>\n\t\t\t\t<div class=\"item_contents\">\n\t\t\t\t\t<div class=\"item_contents_inner wrap\">\n\t\t\t\t\t\t<p><span class=\"wpcf7-form-control-wrap\" data-name=\"tel\"><input size=\"40\" maxlength=\"400\" class=\"wpcf7-form-control wpcf7-text wpcf7-validates-as-required form_tel\" aria-required=\"true\" aria-invalid=\"false\" placeholder=\"\u4f8b) 06-4797-0101\" value=\"\" type=\"text\" name=\"tel\" \/><\/span><span class=\"gray\">\u534a\u89d2\u3000(\u4f8b : 090-1234-5678 , 09012345678)<\/span>\n\t\t\t\t\t\t<\/p>\n\t\t\t\t\t<\/div>\n\t\t\t\t<\/div>\n\t\t\t<\/div>\n\t\t\t<div class=\"item_line\">\n\t\t\t\t<div class=\"item_name\">\n\t\t\t\t\t<p>E\u30e1\u30fc\u30eb<span class=\"must\">\u5fc5\u9808<\/span>\n\t\t\t\t\t<\/p>\n\t\t\t\t<\/div>\n\t\t\t\t<div class=\"item_contents\">\n\t\t\t\t\t<div class=\"item_contents_inner wrap\">\n\t\t\t\t\t\t<p><span class=\"wpcf7-form-control-wrap\" data-name=\"email\"><input size=\"40\" maxlength=\"400\" class=\"wpcf7-form-control wpcf7-email wpcf7-validates-as-required wpcf7-text wpcf7-validates-as-email form_mail\" aria-required=\"true\" aria-invalid=\"false\" placeholder=\"\u4f8b) \u00d7\u00d7\u00d7@venture-support.jp\" value=\"\" type=\"email\" name=\"email\" \/><\/span><span class=\"gray\">\u534a\u89d2\u3000(\u4f8b : taro@venture-support.jp)<\/span>\n\t\t\t\t\t\t<\/p>\n\t\t\t\t\t<\/div>\n\t\t\t\t<\/div>\n\t\t\t<\/div>\n\t\t<\/div>\n\t<\/div>\n\t<p class=\"text_center\"><a target=\"_blank\" href=\"https:\/\/www.venture-support.biz\/privacy\/\">\u203b \u500b\u4eba\u60c5\u5831\u4fdd\u8b77\u65b9\u91dd\u306f\u3053\u3061\u3089<\/a>\n\t<\/p>\n\t<div class=\"text_center\">\n\t\t<p><input class=\"wpcf7-form-control wpcf7-back wpcf7-form-submit wpcf7c-elm-step2 wpcf7c-btn-back wpcf7c-force-hide\" type=\"button\" value=\"\u623b\u3063\u3066\u7de8\u96c6\" \/><input class=\"wpcf7-form-control wpcf7-confirm wpcf7-form-submit wpcf7c-elm-step1 wpcf7c-btn-confirm wpcf7c-force-hide\" type=\"submit\" value=\"\u78ba\u8a8d\" \/><input class=\"wpcf7-form-control wpcf7-submit has-spinner wpcf7-form-submit\" type=\"submit\" value=\"\u9001\u4fe1\" \/>\n\t\t<\/p>\n\t<\/div>\n<\/div><div class=\"wpcf7-response-output\" aria-hidden=\"true\"><\/div>\n<\/form>\n<\/div>\n\n","protected":false},"excerpt":{"rendered":"<p>\u3053\u306e\u305f\u3073\u306f\u5f53\u30b5\u30a4\u30c8\u3078\u304a\u8d8a\u3057\u3044\u305f\u3060\u304d\u3001\u8aa0\u306b\u3042\u308a\u304c\u3068\u3046\u3054\u3056\u3044\u307e\u3059\u3002 \u3054\u610f\u898b\u30fb\u3054\u76f8\u8ac7\u3001\u30b5\u30fc\u30d3\u30b9\u306b\u3064\u3044\u3066\u7b49\u304a\u6c17\u8efd\u306b\u304a\u554f\u3044\u5408\u308f\u305b\u4e0b\u3055\u3044\u3002 \u304a\u554f\u3044\u5408\u308f\u305b\u306f\u4e0b\u8a18\u30d5\u30a9\u30fc\u30e0\u306b\u3066\u53d7\u3051\u4ed8\u3051\u3066\u304a\u308a\u307e\u3059\u3002 \u304a\u554f\u3044\u5408\u308f\u305b\u5185\u5bb9\u306e\u78ba\u8a8d\u5f8c\u3001\u5f0a\u793e\u62c5\u5f53\u8005\u3088\u308a [&hellip;]<\/p>\n","protected":false},"author":14,"featured_media":0,"parent":0,"menu_order":0,"comment_status":"closed","ping_status":"closed","template":"","meta":{"_acf_changed":false,"footnotes":""},"class_list":["post-42","page","type-page","status-publish","hentry"],"acf":[],"aioseo_notices":[],"_links":{"self":[{"href":"https:\/\/vs-group.jp\/startup\/wp-json\/wp\/v2\/pages\/42","targetHints":{"allow":["GET"]}}],"collection":[{"href":"https:\/\/vs-group.jp\/startup\/wp-json\/wp\/v2\/pages"}],"about":[{"href":"https:\/\/vs-group.jp\/startup\/wp-json\/wp\/v2\/types\/page"}],"author":[{"embeddable":true,"href":"https:\/\/vs-group.jp\/startup\/wp-json\/wp\/v2\/users\/14"}],"replies":[{"embeddable":true,"href":"https:\/\/vs-group.jp\/startup\/wp-json\/wp\/v2\/comments?post=42"}],"version-history":[{"count":4,"href":"https:\/\/vs-group.jp\/startup\/wp-json\/wp\/v2\/pages\/42\/revisions"}],"predecessor-version":[{"id":8061,"href":"https:\/\/vs-group.jp\/startup\/wp-json\/wp\/v2\/pages\/42\/revisions\/8061"}],"wp:attachment":[{"href":"https:\/\/vs-group.jp\/startup\/wp-json\/wp\/v2\/media?parent=42"}],"curies":[{"name":"wp","href":"https:\/\/api.w.org\/{rel}","templated":true}]}}